{"id":7905,"date":"2021-01-18T09:39:07","date_gmt":"2021-01-18T09:39:07","guid":{"rendered":"http:\/\/narthana.in\/?page_id=7905"},"modified":"2021-04-22T13:05:24","modified_gmt":"2021-04-22T13:05:24","slug":"slide1","status":"publish","type":"page","link":"https:\/\/narthana.in\/no\/","title":{"rendered":"slide1"},"content":{"rendered":"<div aria-live=\"polite\" id=\"soliloquy-container-7910\" class=\"soliloquy-container soliloquy-transition-fade  soliloquy-theme-base\" style=\"max-width:1600px;max-height:900px;\"><ul id=\"soliloquy-7910\" class=\"soliloquy-slider soliloquy-slides soliloquy-wrap soliloquy-clear\"><li aria-hidden=\"true\" class=\"soliloquy-item soliloquy-item-1 soliloquy-image-slide\" draggable=\"false\" style=\"list-style:none\"><img decoding=\"async\" id=\"soliloquy-image-8021\" class=\"soliloquy-image soliloquy-image-1\" src=\"https:\/\/narthana.in\/wp-content\/uploads\/2021\/01\/DSC_7756-scaled-1600x900_c.jpg\" alt=\"DSC_7756\" \/><div class=\"soliloquy-caption\"><div class=\"soliloquy-caption-inside\"><strong>Welcome to Bharathanarthalayam dance school<\/strong><\/div><\/div><\/li><li aria-hidden=\"true\" class=\"soliloquy-item soliloquy-item-2 soliloquy-image-slide\" draggable=\"false\" style=\"list-style:none\"><img decoding=\"async\" id=\"soliloquy-image-8022\" class=\"soliloquy-image soliloquy-image-2\" src=\"https:\/\/narthana.in\/wp-content\/uploads\/2021\/01\/DSC_7623-scaled-1600x900_c.jpg\" alt=\"DSC_7623\" \/><div class=\"soliloquy-caption\"><div class=\"soliloquy-caption-inside\"><strong>Welcome to Bharathanarthalayam dance school<\/strong><\/div><\/div><\/li><li aria-hidden=\"true\" class=\"soliloquy-item soliloquy-item-3 soliloquy-image-slide\" draggable=\"false\" style=\"list-style:none\"><img decoding=\"async\" id=\"soliloquy-image-8023\" class=\"soliloquy-image soliloquy-image-3\" src=\"https:\/\/narthana.in\/wp-content\/uploads\/2021\/01\/DSC_7793-scaled-1600x900_c.jpg\" alt=\"DSC_7793\" \/><div class=\"soliloquy-caption\"><div class=\"soliloquy-caption-inside\"><strong>Welcome to Bharathanarthalayam dance school<\/strong><\/div><\/div><\/li><\/ul><\/div><noscript><style type=\"text\/css\">#soliloquy-container-7910{opacity:1}<\/style><\/noscript>\n<p><section id=\"bt_section69dfcceea5c7c\"  class=\"boldSection btLightSkin gutter inherit btBackgroundOverlay btStripedLight\" style=\"background-color:#ffc300;\"><div class=\"port\"><div class=\"boldCell\"><div class=\"boldCellInner\"><div class=\"boldRow \" ><div class=\"boldRowInner\"><div class=\"rowItem col-md-2  col-sm-4 col-ms-12 btTextCenter inherit btNoPadding\"  data-width=\"2\"><div class=\"rowItemContent\" ><div class=\"btClear btSeparator topSmallSpaced noBorder\" ><hr><\/div><div class=\"bpgPhoto  btCircleImage\" ><div class = \"btImage\"><img decoding=\"async\" src=\"https:\/\/narthana.in\/wp-content\/uploads\/2021\/03\/11.png\" alt=\"\" title=\"\"><\/div><\/div><\/div><\/div><div class=\"rowItem col-md-2  col-sm-4 col-ms-12 btTextLeft inherit btNoPadding\"  data-width=\"2\"><div class=\"rowItemContent\" ><div class=\"btClear btSeparator topSmallSpaced noBorder\" ><hr><\/div><div class=\"btText\" ><\/p>\n<p style=\"font-size: 26px; color: #0000ff;\"><strong>Danse. Kj\u00e6rlighet. Synge. Bo.<\/strong><\/p>\n<p>\n<\/div><\/div><\/div><div class=\"rowItem col-md-2  col-sm-4 col-ms-12 btTextCenter inherit btNoPadding\"  data-width=\"2\"><div class=\"rowItemContent\" ><div class=\"btClear btSeparator topSmallSpaced noBorder\" ><hr><\/div><div class=\"bpgPhoto  btCircleImage\" ><div class = \"btImage\"><img decoding=\"async\" src=\"https:\/\/narthana.in\/wp-content\/uploads\/2021\/03\/12.png\" alt=\"\" title=\"\"><\/div><\/div><\/div><\/div><div class=\"rowItem col-md-2  col-sm-4 col-ms-12 btTextLeft inherit btNoPadding\"  data-width=\"2\"><div class=\"rowItemContent\" ><div class=\"btClear btSeparator topSmallSpaced noBorder\" ><hr><\/div><div class=\"btText\" ><\/p>\n<p style=\"font-size: 26px; color: #0000ff;\"><strong>V\u00e6r original<\/strong><\/p>\n<p>\n<\/div><\/div><\/div><div class=\"rowItem col-md-2  col-sm-4 col-ms-12 btTextCenter inherit btNoPadding\"  data-width=\"2\"><div class=\"rowItemContent\" ><div class=\"btClear btSeparator topSmallSpaced noBorder\" ><hr><\/div><div class=\"bpgPhoto  btCircleImage\" ><div class = \"btImage\"><img decoding=\"async\" src=\"https:\/\/narthana.in\/wp-content\/uploads\/2021\/03\/13.png\" alt=\"\" title=\"\"><\/div><\/div><\/div><\/div><div class=\"rowItem col-md-2  col-sm-4 col-ms-12 btTextLeft inherit btNoPadding\"  data-width=\"2\"><div class=\"rowItemContent\" ><div class=\"btClear btSeparator topSmallSpaced noBorder\" ><hr><\/div><div class=\"btText\" ><\/p>\n<p style=\"font-size: 26px; color: #0000ff;\"><strong>Hele verden er en scene<\/strong><\/p>\n<p>\n<\/div><\/div><\/div><\/div><\/div><div class=\"boldRow \" ><div class=\"boldRowInner\"><div class=\"rowItem col-md-2  col-sm-4 col-ms-12 btTextCenter inherit btNoPadding\"  data-width=\"2\"><div class=\"rowItemContent\" ><\/div><\/div><div class=\"rowItem col-md-2  col-sm-4 col-ms-12 btTextLeft inherit btNoPadding\"  data-width=\"2\"><div class=\"rowItemContent\" ><header class=\"header btClear small abc\" style=\"color:black; font-weight:bold ;text-align: justify;\"><div class=\"dash\"><\/div><div class=\"btSubTitle\">Bharatam Dance School er et l\u00e6ringsinstitutt som forplikter seg til \u00e5 gj\u00f8re dans til en meningsfylt og hyggelig opplevelse for alle.<\/div><\/header><\/div><\/div><div class=\"rowItem col-md-2  col-sm-4 col-ms-12 btTextCenter inherit btNoPadding\"  data-width=\"2\"><div class=\"rowItemContent\" ><\/div><\/div><div class=\"rowItem col-md-2  col-sm-4 col-ms-12 btTextLeft inherit btNoPadding\"  data-width=\"2\"><div class=\"rowItemContent\" ><header class=\"header btClear small abc\" style=\"color:black; font-weight:bold ;text-align: justify;\"><div class=\"dash\"><\/div><div class=\"btSubTitle\">Abhinayam formidling av en id\u00e9, en f\u00f8lelse eller hendelse til folket gjennom fysisk presentasjon.<\/div><\/header><\/div><\/div><div class=\"rowItem col-md-2  col-sm-4 col-ms-12 btTextCenter inherit btDoublePadding\"  data-width=\"2\"><div class=\"rowItemContent\" ><\/div><\/div><div class=\"rowItem col-md-2  col-sm-4 col-ms-12 btTextLeft inherit btNoPadding\"  data-width=\"2\"><div class=\"rowItemContent\" ><header class=\"header btClear small abc\" style=\"color:black; font-weight:bold ;text-align: left;\"><div class=\"dash\"><\/div><div class=\"btSubTitle\">Vi \u00f8nsker nye studenter velkommen i innledende Bharatanatyam-kurs og inviterer studenter p\u00e5 videreg\u00e5ende Bharatanatyam-kurs for dansere med erfaring.<\/div><\/header><\/div><\/div><\/div><\/div><\/div><\/div><\/div><\/section><section id=\"bt_section69dfcceea9524\"  class=\"boldSection topSemiSpaced bottomSpaced gutter inherit\" ><div class=\"port\"><div class=\"boldCell\"><div class=\"boldCellInner\"><div class=\"boldRow \" ><div class=\"boldRowInner\"><div class=\"rowItem col-md-4 col-ms-12 btTextCenter animate animate-fadein inherit\"  data-width=\"4\"><div class=\"rowItemContent\" ><div class=\"bpgPhoto  btCircleImage\" ><div class = \"btImage\"><img decoding=\"async\" src=\"https:\/\/narthana.in\/wp-content\/uploads\/2020\/12\/banner4.jpg\" alt=\"\" title=\"\"><\/div><\/div><div class=\"btClear btSeparator topSmallSpaced bottomSmallSpaced noBorder\" ><hr><\/div><header class=\"header btClear medium\" ><div class=\"dash\"><h3><span class=\"headline\">Dans og nyt!<\/span><\/h3><\/div><div class=\"btSubTitle\">P\u00e5 Bharatam Dance School jobber vi hardt for \u00e5 gi streng oppl\u00e6ring for \u00e5 styrke studentenes kreative talenter.<\/div><\/header><div class=\"btClear btSeparator bottomExtraSmallSpaced noBorder\" ><hr><\/div><a href=\"http:\/\/narthana.in\/no\/essentials-in-teaching\/\" class=\"btBtn btBtn btnOutlineStyle btnaccent1Color btnSmall btnNormalWidth btnRightPosition btnNoIcon\"  target=\"_blank\"><span class=\"btnInnerText\">Finne ut mer<\/span><\/a><\/div><\/div><div class=\"rowItem col-md-4 col-ms-12 btTextCenter animate animate-fadein inherit\"  data-width=\"4\"><div class=\"rowItemContent\" ><div class=\"bpgPhoto  btCircleImage\" ><div class = \"btImage\"><img decoding=\"async\" src=\"https:\/\/narthana.in\/wp-content\/uploads\/2020\/12\/banner5.jpg\" alt=\"\" title=\"\"><\/div><\/div><div class=\"btClear btSeparator topSmallSpaced bottomSmallSpaced noBorder\" ><hr><\/div><header class=\"header btClear medium\" ><div class=\"dash\"><h3><span class=\"headline\">Lidenskap og stil<\/span><\/h3><\/div><div class=\"btSubTitle\">L\u00e6rere med sm\u00e5 klasser kan bruke tid og energi p\u00e5 \u00e5 hjelpe hvert barn til \u00e5 lykkes. Fordelene med mindre klasser er n\u00e5 allment anerkjent. gi link essensielle om undervisning.<\/div><\/header><div class=\"btClear btSeparator bottomExtraSmallSpaced noBorder\" ><hr><\/div><a href=\"http:\/\/narthana.in\/no\/methods-of-teaching\/\" class=\"btBtn btBtn btnOutlineStyle btnaccent4Color btnSmall btnNormalWidth btnRightPosition btnNoIcon\"  target=\"_blank\"><span class=\"btnInnerText\">Finne ut mer<\/span><\/a><\/div><\/div><div class=\"rowItem col-md-4 col-ms-12 btTextCenter animate animate-fadein inherit\"  data-width=\"4\"><div class=\"rowItemContent\" ><div class=\"bpgPhoto  btCircleImage\" ><div class = \"btImage\"><img decoding=\"async\" src=\"https:\/\/narthana.in\/wp-content\/uploads\/2020\/12\/banner6.jpg\" alt=\"\" title=\"\"><\/div><\/div><div class=\"btClear btSeparator topSmallSpaced bottomSmallSpaced noBorder\" ><hr><\/div><header class=\"header btClear medium\" ><div class=\"dash\"><h3><span class=\"headline\">Trening og helse<\/span><\/h3><\/div><div class=\"btSubTitle\">Hver adavu (grunnleggende bevegelsesenhet) ble undervist i systematisk rekkef\u00f8lge og deretter kombinert med andre for \u00e5 produsere koreograferte sekvenser basert p\u00e5 den rytmiske konturen til en musikalsk komposisjon.<\/div><\/header><div class=\"btClear btSeparator bottomExtraSmallSpaced noBorder\" ><hr><\/div><a href=\"http:\/\/narthana.in\/no\/abhinayam\/\" class=\"btBtn btBtn btnOutlineStyle btnaccent3Color btnSmall btnNormalWidth btnRightPosition btnNoIcon\"  target=\"_blank\"><span class=\"btnInnerText\">Finne ut mer<\/span><\/a><\/div><\/div><\/div><\/div><\/div><\/div><\/div><\/section><section id=\"bt_section69dfcceeac810\"  class=\"boldSection topSemiSpaced btDarkSkin gutter inherit wBackground cover\" style=\"background-image:url('https:\/\/narthana.in\/wp-content\/uploads\/2021\/01\/DSC_7798-scaled.jpg');\"><div class=\"port\"><div class=\"boldCell\"><div class=\"boldCellInner\"><div class=\"boldRow \" ><div class=\"boldRowInner\"><div class=\"rowItem col-md-2  col-sm-4 col-ms-12 btTextCenter inherit\"  data-width=\"2\"><div class=\"rowItemContent\" ><\/div><\/div><div class=\"rowItem col-md-8 col-ms-12 btTextCenter animate animate-fadein inherit\"  data-width=\"8\"><div class=\"rowItemContent\" ><header class=\"header btClear extralarge btDash bottomDash\" style=\"color:#ffffff\"><div class=\"dash\"><h1><span class=\"headline\">Narthanalayam blir aldri lett.<br \/><br>Det blir mulig.<\/span><\/h1><\/div><\/header><\/div><\/div><div class=\"rowItem col-md-2  col-sm-4 col-ms-12 btTextLeft\"  data-width=\"2\"><div class=\"rowItemContent\" ><\/div><\/div><\/div><\/div><div class=\"boldRow \" ><div class=\"boldRowInner\"><div class=\"rowItem col-md-12 col-ms-12  btTextLeft animate animate-fadein inherit\"  data-width=\"12\"><div class=\"rowItemContent\" ><div class=\"btClear btSeparator topSemiSpaced bottomSpaced border\" ><hr><\/div><\/div><\/div><\/div><\/div><div class=\"boldRow \" ><div class=\"boldRowInner\"><div class=\"rowItem col-md-4 col-ms-12 btTextCenter animate animate-fadein inherit btDoublePadding\"  data-width=\"4\"><div class=\"rowItemContent\" ><div class=\"servicesItem  btServicesAccent1 btIcoLargeSizeIcon sec3h\" style=\"font-size:20px\"><div class=\"sIcon\"><span class=\"btIco btIcoLargeSize btIcoOutlineType btAccent1Icon\"><span  data-ico-=\"&#038;#x;\" class=\"btIcoHolder\"><\/span><\/span><\/div><div class=\"sTxt\"><header class=\"header btClear small\" ><div class=\"dash\"><h4><span class=\"headline\">Narthanalayam er som en sport, bare vanskeligere.<\/span><\/h4><\/div><\/header><\/div><\/div><div class=\"btClear btSeparator bottomSemiSpaced noBorder\" ><hr><\/div><\/div><\/div><div class=\"rowItem col-md-4 col-ms-12 btTextCenter animate animate-fadein inherit btDoublePadding\"  data-width=\"4\"><div class=\"rowItemContent\" ><div class=\"servicesItem  btServicesAccent2 btIcoLargeSizeIcon sec3h\" style=\"font-size:20px\"><div class=\"sIcon\"><span class=\"btIco btIcoLargeSize btIcoOutlineType btAccent2Icon\"><span  data-ico-=\"&#038;#x;\" class=\"btIcoHolder\"><\/span><\/span><\/div><div class=\"sTxt\"><header class=\"header btClear small\" ><div class=\"dash\"><h4><span class=\"headline\">Dansere dr\u00f8mmer med f\u00f8ttene.<\/span><\/h4><\/div><\/header><\/div><\/div><div class=\"btClear btSeparator bottomSemiSpaced noBorder\" ><hr><\/div><\/div><\/div><div class=\"rowItem col-md-4 col-ms-12 btTextCenter animate animate-fadein inherit btDoublePadding\"  data-width=\"4\"><div class=\"rowItemContent\" ><div class=\"servicesItem  btServicesAccent3 btIcoLargeSizeIcon sec3h\" style=\"font-size:20px\"><div class=\"sIcon\"><span class=\"btIco btIcoLargeSize btIcoOutlineType btAccent3Icon\"><span  data-ico-=\"&#038;#x;\" class=\"btIcoHolder\"><\/span><\/span><\/div><div class=\"sTxt\"><header class=\"header btClear small\" ><div class=\"dash\"><h4><span class=\"headline\">Hvis du faller, er jeg der.<\/span><\/h4><\/div><\/header><\/div><\/div><div class=\"btClear btSeparator bottomSemiSpaced noBorder\" ><hr><\/div><\/div><\/div><\/div><\/div><\/div><\/div><\/div><\/section><section id=\"bt_section69dfcceeadc71\"  class=\"boldSection gutter inherit\" style=\"background-color:#ffc300;\"><div class=\"port\"><div class=\"boldCell\"><div class=\"boldCellInner\"><div class=\"boldRow \" ><div class=\"boldRowInner\"><div class=\"rowItem col-md-3 col-sm-6 col-ms-12 btTextLeft animate animate-fadein animate-moveup btTopVertical\" style=\"border-color:default;\" data-width=\"3\"><div class=\"rowItemContent\" ><div class=\"btClear btSeparator topSemiSpaced noBorder\" ><hr><\/div><div class=\"bpgPhoto  btRoundedImage\" ><div class = \"btImage\"><img decoding=\"async\" src=\"https:\/\/narthana.in\/wp-content\/uploads\/2020\/12\/banner9-640x480.jpg\" alt=\"\" title=\"\"><\/div><\/div><div class=\"btClear btSeparator topSemiSpaced noBorder\" ><hr><\/div><\/div><\/div><div class=\"rowItem col-md-3 col-sm-6 col-ms-12 btTextLeft animate animate-fadein animate-moveup btTopVertical\" style=\"border-color:default;\" data-width=\"3\"><div class=\"rowItemContent\" ><div class=\"btClear btSeparator topSemiSpaced noBorder\" ><hr><\/div><div class=\"bpgPhoto  btRoundedImage\" ><div class = \"btImage\"><img decoding=\"async\" src=\"https:\/\/narthana.in\/wp-content\/uploads\/2020\/12\/banner8-640x480.jpg\" alt=\"\" title=\"\"><\/div><\/div><div class=\"btClear btSeparator topSemiSpaced noBorder\" ><hr><\/div><\/div><\/div><div class=\"rowItem col-md-3 col-sm-6 col-ms-12 btTextLeft animate animate-fadein animate-moveup btTopVertical\" style=\"border-color:default;\" data-width=\"3\"><div class=\"rowItemContent\" ><div class=\"btClear btSeparator topSemiSpaced noBorder\" ><hr><\/div><div class=\"bpgPhoto  btRoundedImage\" ><div class = \"btImage\"><img decoding=\"async\" src=\"https:\/\/narthana.in\/wp-content\/uploads\/2020\/12\/banner10-640x480.jpg\" alt=\"\" title=\"\"><\/div><\/div><div class=\"btClear btSeparator topSemiSpaced noBorder\" ><hr><\/div><\/div><\/div><div class=\"rowItem col-md-3 col-sm-6 col-ms-12 btTextLeft animate animate-fadein animate-moveup btTopVertical\" style=\"border-color:default;\" data-width=\"3\"><div class=\"rowItemContent\" ><div class=\"btClear btSeparator topSemiSpaced noBorder\" ><hr><\/div><div class=\"bpgPhoto  btRoundedImage\" ><div class = \"btImage\"><img decoding=\"async\" src=\"https:\/\/narthana.in\/wp-content\/uploads\/2020\/12\/banner11-640x480.jpg\" alt=\"\" title=\"\"><\/div><\/div><div class=\"btClear btSeparator topSemiSpaced noBorder\" ><hr><\/div><\/div><\/div><\/div><\/div><div class=\"boldRow \" ><div class=\"boldRowInner\"><div class=\"rowItem col-md-12 col-ms-12  btTextLeft\"  data-width=\"12\"><div class=\"rowItemContent\" ><div class=\"btClear btSeparator noBorder\" ><hr><\/div><\/div><\/div><\/div><\/div><\/div><\/div><\/div><\/section><section id=\"bt_section69dfcceeb2278\" data-parallax=\"0.2\" data-parallax-offset=\"0\" class=\"boldSection btDivider topLargeSpaced bottomLargeSpaced gutter inherit btParallax wBackground cover\" style=\"background-color:#f1f1f1;background-image:url('https:\/\/narthana.in\/wp-content\/uploads\/2020\/12\/banner3-scaled.jpg');\"><div class=\"port\"><div class=\"boldCell\"><div class=\"boldCellInner\"><div class=\"boldRow \" ><div class=\"boldRowInner\"><div class=\"rowItem col-md-4 col-ms-12 btTextLeft btMiddleVertical btNoPadding\"  data-width=\"4\"><div class=\"rowItemContent\" ><div class=\"btClear btSeparator bottomSmallSpaced noBorder\" ><hr><\/div><div class=\"bpgPhoto  btRoundedImage\" ><div class = \"btImage\"><img decoding=\"async\" src=\"https:\/\/narthana.in\/wp-content\/uploads\/2020\/12\/banner7.jpg\" alt=\"\" title=\"\"><\/div><\/div><div class=\"btClear btSeparator bottomSmallSpaced noBorder\" ><hr><\/div><\/div><\/div><div class=\"rowItem col-md-4 col-ms-12 btTextLeft btMiddleVertical btTextIndent\"  data-width=\"4\"><div class=\"rowItemContent\" ><div class=\"btClear btSeparator bottomSmallSpaced noBorder\" ><hr><\/div><div class=\"btClear btSeparator bottomExtraSmallSpaced noBorder\" ><hr><\/div><div class=\"btClear btSeparator bottomSmallSpaced noBorder\" ><hr><\/div><div class=\"btClear btSeparator bottomSemiSpaced noBorder\" ><hr><\/div><\/div><\/div><div class=\"rowItem col-md-4 col-ms-12 btTextLeft btMiddleVertical btTextIndent\"  data-width=\"4\"><div class=\"rowItemContent\" ><div class=\"btClear btSeparator noBorder\" ><hr><\/div><div class=\"bpgPhoto \" > \r\n\t\t\t\t\t<a href=\"https:\/\/youtu.be\/1LwLsT9_xCc\" target=\"_blank\" title=\"\"><\/a>\r\n\t\t\t\t\t<div class=\"boldPhotoBox\"><div class=\"bpbItem\"><div class = \"btImage\"><img decoding=\"async\" src=\"https:\/\/narthana.in\/wp-content\/uploads\/2021\/03\/youtube-1.png\" alt=\"\" title=\"\"><\/div><\/div><\/div>\r\n\t\t\t\t\t<div class=\"captionPane btDarkSkin btTextCenter\">\r\n\t\t\t\t\t\t<div class=\"captionTable\">\r\n\t\t\t\t\t\t\t<div class=\"captionCell\">\r\n\t\t\t\t\t\t\t\t<div class=\"captionTxt\"><\/div>\r\n\t\t\t\t\t\t\t<\/div>\r\n\t\t\t\t\t\t<\/div>\r\n\t\t\t\t\t<\/div><\/div><div class=\"servicesItem  btServicesAccent4 btIcoExtraSmallSizeIcon \"><div class=\"sIcon\"><span class=\"btIco btIcoExtraSmallSize btIcoFilledType btAccent4Icon\"><span  data-ico-=\"&#038;#x;\" class=\"btIcoHolder\"><\/span><\/span><\/div><div class=\"sTxt\"><header class=\"header btClear small\" ><div class=\"dash\"><h4><span class=\"headline\">Bharata Narthanalayam School<\/span><\/h4><\/div><\/header><\/div><\/div><div class=\"btClear btSeparator bottomSemiSpaced noBorder\" ><hr><\/div><\/div><\/div><\/div><\/div><div class=\"boldRow \" ><div class=\"boldRowInner\"><div class=\"rowItem col-md-12 col-ms-12  btTextLeft\"  data-width=\"12\"><div class=\"rowItemContent\" ><div class=\"btClear btSeparator topSemiSpaced noBorder\" ><hr><\/div><\/div><\/div><\/div><\/div><\/div><\/div><\/div><\/section><section id=\"bt_section69dfcceeb4384\"  class=\"boldSection bottomLargeSpaced gutter inherit\" style=\"margin-top: -80px;\"><div class=\"port\"><div class=\"boldCell\"><div class=\"boldCellInner\"><div class=\"boldRow \" ><div class=\"boldRowInner\"><\/div><\/div><div class=\"boldRow \" ><div class=\"boldRowInner\"><div class=\"rowItem col-md-12 col-ms-12  btTextLeft\"  data-width=\"12\"><div class=\"rowItemContent\" ><div class=\"btClear btSeparator topSpaced bottomSemiSpaced noBorder\" ><hr><\/div><\/div><\/div><\/div><\/div><div class=\"boldRow \" ><div class=\"boldRowInner\"><div class=\"rowItem col-md-8 col-ms-12 btTextLeft inherit btDoublePadding\"  data-width=\"8\"><div class=\"rowItemContent\" ><div class=\"btClear btSeparator topSemiSpaced noBorder\" ><hr><\/div><div class=\"boldRow \" ><div class=\"boldRowInner\"><div class=\"rowItem rowInnerItem col-lg-3  btTextCenter btMiddleVertical\"  ><div class=\"rowItemContent\"><div class=\"bpgPhoto  btCircleImage\" ><div class = \"btImage\"><img decoding=\"async\" src=\"https:\/\/narthana.in\/wp-content\/uploads\/2020\/12\/banner13.jpg\" alt=\"\" title=\"\"><\/div><\/div><\/div><\/div><div class=\"rowItem rowInnerItem col-lg-9  btTextLeft btMiddleVertical\"  ><div class=\"rowItemContent\"><div class=\"btClear btSeparator topSmallSpaced noBorder\" ><hr><\/div><div class=\"btText\" ><\/p>\n<p>Jeg tror &#8220;Bharatha Narthanalayam&#8221; vil spre en global \u00e5ndelig musikkultur, som for tiden er n\u00f8dvendig for hele menneskeheten.<\/p>\n<p>\n<\/div><div class=\"btClear btSeparator topSmallSpaced noBorder\" ><hr><\/div><div class=\"servicesItem  btServicesAccent3 btIcoMediumSizeIcon \" style=\"font-size:16px\"><div class=\"sIcon\"><span class=\"btIco btIcoMediumSize btIcoFilledType btAccent3Icon\"><span  data-ico-s7=\"&#xe6a1;\" class=\"btIcoHolder\"><\/span><\/span><\/div><div class=\"sTxt\"><header class=\"header btClear small\" ><div class=\"dash\"><h4><span class=\"headline\">Dada Satyaparananda<\/span><\/h4><\/div><\/header><\/div><\/div><\/div><\/div><\/div><\/div><div class=\"btClear btSeparator topSemiSpaced noBorder\" ><hr><\/div><div class=\"boldRow \" ><div class=\"boldRowInner\"><div class=\"rowItem rowInnerItem col-lg-3  btTextCenter btMiddleVertical\"  ><div class=\"rowItemContent\"><\/div><\/div><div class=\"rowItem rowInnerItem col-lg-9  btTextLeft btMiddleVertical\"  ><div class=\"rowItemContent\"><div class=\"btClear btSeparator topSmallSpaced noBorder\" ><hr><\/div><div class=\"btClear btSeparator topSmallSpaced noBorder\" ><hr><\/div><div class=\"btClear btSeparator topSmallSpaced noBorder\" ><hr><\/div><\/div><\/div><\/div><\/div><div class=\"btClear btSeparator topSemiSpaced noBorder\" ><hr><\/div><\/div><\/div><div class=\"rowItem col-md-4 col-ms-12 btTextCenter btHighlightShadow btHighlightBorder btMiddleVertical btDoublePadding\" style=\"border-radius: 30px;border-color:#ffc300;\" data-width=\"4\"><div class=\"rowItemContent\" ><div class=\"btClear btSeparator topSemiSpaced noBorder\" ><hr><\/div><div class=\"bpgPhoto  btCircleImage\" ><div class = \"btImage\"><img decoding=\"async\" src=\"https:\/\/narthana.in\/wp-content\/uploads\/2020\/12\/banner12.jpg\" alt=\"\" title=\"\"><\/div><\/div><div class=\"btClear btSeparator topSmallSpaced noBorder\" ><hr><\/div><header class=\"header btClear medium btDash bottomDash\" ><div class=\"dash\"><h3><span class=\"headline\">Uten dans, hva er poenget?<\/span><\/h3><\/div><div class=\"btSubTitle\">Prinsipper for scenedesign, sminke, kostyme, dans (ulike bevegelser og bevegelser), estetikksteori (Rasa-Bhava), skuespill, regi og musikk.<\/div><\/header><div class=\"btClear btSeparator topSmallSpaced noBorder\" ><hr><\/div><div class=\"btClear btSeparator topSemiSpaced noBorder\" ><hr><\/div><\/div><\/div><\/div><\/div><\/div><\/div><\/div><\/section><section id=\"bt_section69dfcceeb768d\"  class=\"boldSection gutter\" ><div class=\"port\"><div class=\"boldCell\"><div class=\"boldCellInner\"><div class=\"boldRow \" ><div class=\"boldRowInner\"><div class=\"rowItem col-md-12 col-ms-12  btTextLeft inherit\"  data-width=\"12\"><div class=\"rowItemContent\" ><div class=\"slided autoSliderHeight\"  data-slick='{\"autoplay\":true,\"autoplaySpeed\":1000,\"pauseOnHover\":false,\"pauseOnDotsHover\":true}' data-simple_arrows=\"no\"><div class=\"slidedItem firstItem\"  data-thumb=\"\"><div class=\"btSliderPort wBackground cover\" style=\"background-image: url('')\"><div class=\"btSliderCell\" data-slick=\"yes\"><div class=\"btSlideGutter\"><div class=\"btSlidePane\"><\/div><\/div><\/div><\/div><\/div><\/div><\/div><\/div><\/div><\/div><\/div><\/div><\/div><\/section><\/p>\n","protected":false},"excerpt":{"rendered":"","protected":false},"author":1,"featured_media":0,"parent":0,"menu_order":0,"comment_status":"closed","ping_status":"closed","template":"","meta":{"footnotes":""},"class_list":["post-7905","page","type-page","status-publish","hentry"],"translation":{"provider":"WPGlobus","version":"2.5.23","language":"no","enabled_languages":["en","ta","no"],"languages":{"en":{"title":true,"content":true,"excerpt":false},"ta":{"title":false,"content":true,"excerpt":false},"no":{"title":false,"content":true,"excerpt":false}}},"_links":{"self":[{"href":"https:\/\/narthana.in\/no\/wp-json\/wp\/v2\/pages\/7905"}],"collection":[{"href":"https:\/\/narthana.in\/no\/wp-json\/wp\/v2\/pages"}],"about":[{"href":"https:\/\/narthana.in\/no\/wp-json\/wp\/v2\/types\/page"}],"author":[{"embeddable":true,"href":"https:\/\/narthana.in\/no\/wp-json\/wp\/v2\/users\/1"}],"replies":[{"embeddable":true,"href":"https:\/\/narthana.in\/no\/wp-json\/wp\/v2\/comments?post=7905"}],"version-history":[{"count":151,"href":"https:\/\/narthana.in\/no\/wp-json\/wp\/v2\/pages\/7905\/revisions"}],"predecessor-version":[{"id":8460,"href":"https:\/\/narthana.in\/no\/wp-json\/wp\/v2\/pages\/7905\/revisions\/8460"}],"wp:attachment":[{"href":"https:\/\/narthana.in\/no\/wp-json\/wp\/v2\/media?parent=7905"}],"curies":[{"name":"wp","href":"https:\/\/api.w.org\/{rel}","templated":true}]}}