{"id":7808,"date":"2021-01-13T11:38:02","date_gmt":"2021-01-13T11:38:02","guid":{"rendered":"http:\/\/narthana.in\/?page_id=7808"},"modified":"2021-03-04T07:14:51","modified_gmt":"2021-03-04T07:14:51","slug":"abhinayam","status":"publish","type":"page","link":"https:\/\/narthana.in\/no\/abhinayam\/","title":{"rendered":"Abhinayam"},"content":{"rendered":"<section id=\"bt_section69dfdf42eb13f\"  class=\"boldSection gutter\" ><div class=\"port\"><div class=\"boldCell\"><div class=\"boldCellInner\"><div class=\"boldRow \" ><div class=\"boldRowInner\"><div class=\"rowItem col-md-12 col-ms-12  btTextLeft\"  data-width=\"12\"><div class=\"rowItemContent\" ><header class=\"header btClear medium\" ><div class=\"dash\"><h3><span class=\"headline\">Om Abhinayam<\/span><\/h3><\/div><\/header><div class=\"btText\" ><p>Det er en sanskrit ord betyr overf\u00f8ring av ide, emosjon eller begivenhet til publikum. Danseren viser frem bhava dvs uttrykk som vil gi publikum rasa dvs emosjoner og f\u00f8lelser. Med Abhinaya viser danseren eller spilleren de forskjellige psykologisk uttrykkene av de karakterene, i drama eller en danse forestilling.<\/p>\n<p>Abhinaya kan bli gjort gjennom fire forskjellige aspekter;<br \/>\nAngika gjennom fysisk presentasjon<br \/>\nVachika verbal eller musikalsk presentasjon<br \/>\nAharya dekorativ presentasjon og<br \/>\nSatvika visning av f\u00f8lelser and sentimenter<br \/>\nHver aspekt av Abhinaya er viktig \u00e5 overf\u00f8re meningen av tema til publikum.<\/p>\n<p><strong>Angika Abhinaya ; Fysisk presentasjon<\/strong><br \/>\nMeningen Angika er gestusspr\u00e5k av danseren. Det er tre divisjoner av deler Anga(hoved deler) , Pratyanga(sm\u00e5 deler) og<br \/>\nUpanga (ansiktstrekk). Det fins definisjoner p\u00e5 hvordan en kan bevege seg de forskjellige deler av danseren.<\/p>\n<p><strong>Vachika Abhinaya; Verbal Presentation<\/strong><br \/>\nSangeren gir lyd til ord i hver sang med instrumenter samtidig dansere tolker meningen eller til bare musikk og rytmer i danse forestilling eller dansedrama. Ved \u00e5 gi riktig melodi til sang,<br \/>\nVachika hjelper den total effekten p\u00e5 publikum<\/p>\n<p><strong>Aharya Abhinaya; Dekorativ representasjon<\/strong><br \/>\nPassende og farget kostymer blir brukt for \u00e5 vise sentimenter. Sminke brukes til \u00e5 reflektere de karakterene av danseren selv om det vil gi skj\u00f8nnhet til danseren ved \u00e5 bruke utsmykning.<br \/>\nAharya inkluderer utsmykning, scenen lyd, lyssetting<br \/>\nscene-setting, auditorium.<\/p>\n<p><strong>Satvika Abhinaya; Evocation of feelings and emotions<\/strong><br \/>\nMeningen med det er, kunsten \u00e5 skape emosjoner p\u00e5 naturlig, men p\u00e5virket av utvendig f\u00f8lelser eller sentimenter i sympati med andre. Det vil naturlig gi mer uttrykk til danseren i henhold til karakteren i en forestilling.<\/p>\n<\/div><div class=\"btClear btSeparator bottomSemiSpaced noBorder\" ><hr><\/div><\/div><\/div><\/div><\/div><\/div><\/div><\/div><\/section>","protected":false},"excerpt":{"rendered":"","protected":false},"author":1,"featured_media":0,"parent":0,"menu_order":0,"comment_status":"closed","ping_status":"closed","template":"","meta":{"footnotes":""},"class_list":["post-7808","page","type-page","status-publish","hentry"],"translation":{"provider":"WPGlobus","version":"2.5.23","language":"no","enabled_languages":["en","ta","no"],"languages":{"en":{"title":true,"content":true,"excerpt":false},"ta":{"title":false,"content":true,"excerpt":false},"no":{"title":false,"content":true,"excerpt":false}}},"_links":{"self":[{"href":"https:\/\/narthana.in\/no\/wp-json\/wp\/v2\/pages\/7808"}],"collection":[{"href":"https:\/\/narthana.in\/no\/wp-json\/wp\/v2\/pages"}],"about":[{"href":"https:\/\/narthana.in\/no\/wp-json\/wp\/v2\/types\/page"}],"author":[{"embeddable":true,"href":"https:\/\/narthana.in\/no\/wp-json\/wp\/v2\/users\/1"}],"replies":[{"embeddable":true,"href":"https:\/\/narthana.in\/no\/wp-json\/wp\/v2\/comments?post=7808"}],"version-history":[{"count":5,"href":"https:\/\/narthana.in\/no\/wp-json\/wp\/v2\/pages\/7808\/revisions"}],"predecessor-version":[{"id":8474,"href":"https:\/\/narthana.in\/no\/wp-json\/wp\/v2\/pages\/7808\/revisions\/8474"}],"wp:attachment":[{"href":"https:\/\/narthana.in\/no\/wp-json\/wp\/v2\/media?parent=7808"}],"curies":[{"name":"wp","href":"https:\/\/api.w.org\/{rel}","templated":true}]}}